{"id":2923,"date":"2024-08-05T19:23:01","date_gmt":"2024-08-05T19:23:01","guid":{"rendered":"https:\/\/zmarquitectura.com\/?page_id=2923"},"modified":"2024-09-03T10:17:40","modified_gmt":"2024-09-03T10:17:40","slug":"departamento-virrey-del-pino","status":"publish","type":"page","link":"https:\/\/zmarquitectura.com\/en\/departamento-virrey-del-pino\/","title":{"rendered":"VIRREY DEL PINO APARTMENT"},"content":{"rendered":"<div data-elementor-type=\"wp-page\" data-elementor-id=\"2923\" class=\"elementor elementor-2923\">\n\t\t\t\t<div class=\"elementor-element elementor-element-7e19266 e-flex e-con-boxed e-con e-parent\" data-id=\"7e19266\" data-element_type=\"container\" data-settings=\"{&quot;background_background&quot;:&quot;classic&quot;}\">\n\t\t\t\t\t<div class=\"e-con-inner\">\n\t\t<div class=\"elementor-element elementor-element-7ac28d0 e-con-full e-flex e-con e-child\" data-id=\"7ac28d0\" data-element_type=\"container\" data-settings=\"{&quot;background_background&quot;:&quot;classic&quot;}\">\n\t\t\t\t<\/div>\n\t\t\t\t\t<\/div>\n\t\t\t\t<\/div>\n\t\t<div class=\"elementor-element elementor-element-d725a7a e-flex e-con-boxed e-con e-parent\" data-id=\"d725a7a\" data-element_type=\"container\">\n\t\t\t\t\t<div class=\"e-con-inner\">\n\t\t<div class=\"elementor-element elementor-element-67e4de8 e-con-full e-flex e-con e-child\" data-id=\"67e4de8\" data-element_type=\"container\">\n\t\t\t\t<div class=\"elementor-element elementor-element-7c4b999 elementor-invisible elementor-widget elementor-widget-heading\" data-id=\"7c4b999\" data-element_type=\"widget\" data-settings=\"{&quot;_animation&quot;:&quot;fadeInUp&quot;}\" data-widget_type=\"heading.default\">\n\t\t\t\t<div class=\"elementor-widget-container\">\n\t\t\t<style>\/*! elementor - v3.23.0 - 05-08-2024 *\/\n.elementor-heading-title{padding:0;margin:0;line-height:1}.elementor-widget-heading .elementor-heading-title[class*=elementor-size-]>a{color:inherit;font-size:inherit;line-height:inherit}.elementor-widget-heading .elementor-heading-title.elementor-size-small{font-size:15px}.elementor-widget-heading .elementor-heading-title.elementor-size-medium{font-size:19px}.elementor-widget-heading .elementor-heading-title.elementor-size-large{font-size:29px}.elementor-widget-heading .elementor-heading-title.elementor-size-xl{font-size:39px}.elementor-widget-heading .elementor-heading-title.elementor-size-xxl{font-size:59px}<\/style><h2 class=\"elementor-heading-title elementor-size-default\">Virrey del Pino Apartment<\/h2>\t\t<\/div>\n\t\t\t\t<\/div>\n\t\t\t\t<\/div>\n\t\t\t\t\t<\/div>\n\t\t\t\t<\/div>\n\t\t<div class=\"elementor-element elementor-element-936b16e e-flex e-con-boxed e-con e-parent\" data-id=\"936b16e\" data-element_type=\"container\">\n\t\t\t\t\t<div class=\"e-con-inner\">\n\t\t<div class=\"elementor-element elementor-element-169ce63 e-con-full e-flex e-con e-child\" data-id=\"169ce63\" data-element_type=\"container\">\n\t\t\t\t<div class=\"elementor-element elementor-element-91b1ac2 elementor-invisible elementor-widget elementor-widget-image\" data-id=\"91b1ac2\" data-element_type=\"widget\" data-settings=\"{&quot;_animation&quot;:&quot;fadeInLeft&quot;}\" data-widget_type=\"image.default\">\n\t\t\t\t<div class=\"elementor-widget-container\">\n\t\t\t<style>\/*! elementor - v3.23.0 - 05-08-2024 *\/\n.elementor-widget-image{text-align:center}.elementor-widget-image a{display:inline-block}.elementor-widget-image a img[src$=\".svg\"]{width:48px}.elementor-widget-image img{vertical-align:middle;display:inline-block}<\/style>\t\t\t\t\t\t\t\t\t\t<img fetchpriority=\"high\" decoding=\"async\" width=\"1024\" height=\"683\" src=\"https:\/\/zmarquitectura.com\/wp-content\/uploads\/2024\/08\/PORTADA-1-1024x683.gif\" class=\"attachment-large size-large wp-image-3102\" alt=\"\" srcset=\"https:\/\/zmarquitectura.com\/wp-content\/uploads\/2024\/08\/PORTADA-1-1024x683.gif 1024w, https:\/\/zmarquitectura.com\/wp-content\/uploads\/2024\/08\/PORTADA-1-300x200.gif 300w, https:\/\/zmarquitectura.com\/wp-content\/uploads\/2024\/08\/PORTADA-1-768x512.gif 768w, https:\/\/zmarquitectura.com\/wp-content\/uploads\/2024\/08\/PORTADA-1-18x12.gif 18w\" sizes=\"(max-width: 1024px) 100vw, 1024px\" \/>\t\t\t\t\t\t\t\t\t\t\t\t\t<\/div>\n\t\t\t\t<\/div>\n\t\t\t\t<div class=\"elementor-element elementor-element-8472060 elementor-invisible elementor-widget elementor-widget-image\" data-id=\"8472060\" data-element_type=\"widget\" data-settings=\"{&quot;_animation&quot;:&quot;fadeInRight&quot;}\" data-widget_type=\"image.default\">\n\t\t\t\t<div class=\"elementor-widget-container\">\n\t\t\t\t\t\t\t\t\t\t\t\t\t<img decoding=\"async\" width=\"1500\" height=\"1000\" src=\"https:\/\/zmarquitectura.com\/wp-content\/uploads\/2024\/08\/2.gif\" class=\"attachment-full size-full wp-image-3119\" alt=\"\" \/>\t\t\t\t\t\t\t\t\t\t\t\t\t<\/div>\n\t\t\t\t<\/div>\n\t\t\t\t<div class=\"elementor-element elementor-element-0f004a3 elementor-invisible elementor-widget elementor-widget-image\" data-id=\"0f004a3\" data-element_type=\"widget\" data-settings=\"{&quot;_animation&quot;:&quot;fadeInLeft&quot;}\" data-widget_type=\"image.default\">\n\t\t\t\t<div class=\"elementor-widget-container\">\n\t\t\t\t\t\t\t\t\t\t\t\t\t<img decoding=\"async\" width=\"1500\" height=\"1000\" src=\"https:\/\/zmarquitectura.com\/wp-content\/uploads\/2024\/08\/3.gif\" class=\"attachment-full size-full wp-image-3118\" alt=\"\" \/>\t\t\t\t\t\t\t\t\t\t\t\t\t<\/div>\n\t\t\t\t<\/div>\n\t\t\t\t<div class=\"elementor-element elementor-element-6d6807c elementor-invisible elementor-widget elementor-widget-image\" data-id=\"6d6807c\" data-element_type=\"widget\" data-settings=\"{&quot;_animation&quot;:&quot;fadeInRight&quot;}\" data-widget_type=\"image.default\">\n\t\t\t\t<div class=\"elementor-widget-container\">\n\t\t\t\t\t\t\t\t\t\t\t\t\t<img loading=\"lazy\" decoding=\"async\" width=\"1500\" height=\"1000\" src=\"https:\/\/zmarquitectura.com\/wp-content\/uploads\/2024\/08\/4.gif\" class=\"attachment-full size-full wp-image-3117\" alt=\"\" \/>\t\t\t\t\t\t\t\t\t\t\t\t\t<\/div>\n\t\t\t\t<\/div>\n\t\t\t\t<div class=\"elementor-element elementor-element-e06cad0 elementor-invisible elementor-widget elementor-widget-image\" data-id=\"e06cad0\" data-element_type=\"widget\" data-settings=\"{&quot;_animation&quot;:&quot;fadeInLeft&quot;}\" data-widget_type=\"image.default\">\n\t\t\t\t<div class=\"elementor-widget-container\">\n\t\t\t\t\t\t\t\t\t\t\t\t\t<img loading=\"lazy\" decoding=\"async\" width=\"1500\" height=\"1000\" src=\"https:\/\/zmarquitectura.com\/wp-content\/uploads\/2024\/08\/5.gif\" class=\"attachment-full size-full wp-image-3116\" alt=\"\" \/>\t\t\t\t\t\t\t\t\t\t\t\t\t<\/div>\n\t\t\t\t<\/div>\n\t\t\t\t<div class=\"elementor-element elementor-element-e5f23ad elementor-invisible elementor-widget elementor-widget-image\" data-id=\"e5f23ad\" data-element_type=\"widget\" data-settings=\"{&quot;_animation&quot;:&quot;fadeInRight&quot;}\" data-widget_type=\"image.default\">\n\t\t\t\t<div class=\"elementor-widget-container\">\n\t\t\t\t\t\t\t\t\t\t\t\t\t<img loading=\"lazy\" decoding=\"async\" width=\"1500\" height=\"1000\" src=\"https:\/\/zmarquitectura.com\/wp-content\/uploads\/2024\/08\/6-5.jpg\" class=\"attachment-full size-full wp-image-3115\" alt=\"\" srcset=\"https:\/\/zmarquitectura.com\/wp-content\/uploads\/2024\/08\/6-5.jpg 1500w, https:\/\/zmarquitectura.com\/wp-content\/uploads\/2024\/08\/6-5-300x200.jpg 300w, https:\/\/zmarquitectura.com\/wp-content\/uploads\/2024\/08\/6-5-1024x683.jpg 1024w, https:\/\/zmarquitectura.com\/wp-content\/uploads\/2024\/08\/6-5-768x512.jpg 768w, https:\/\/zmarquitectura.com\/wp-content\/uploads\/2024\/08\/6-5-18x12.jpg 18w\" sizes=\"(max-width: 1500px) 100vw, 1500px\" \/>\t\t\t\t\t\t\t\t\t\t\t\t\t<\/div>\n\t\t\t\t<\/div>\n\t\t\t\t<div class=\"elementor-element elementor-element-fb9addf elementor-invisible elementor-widget elementor-widget-image\" data-id=\"fb9addf\" data-element_type=\"widget\" data-settings=\"{&quot;_animation&quot;:&quot;fadeInLeft&quot;}\" data-widget_type=\"image.default\">\n\t\t\t\t<div class=\"elementor-widget-container\">\n\t\t\t\t\t\t\t\t\t\t\t\t\t<img loading=\"lazy\" decoding=\"async\" width=\"1500\" height=\"1000\" src=\"https:\/\/zmarquitectura.com\/wp-content\/uploads\/2024\/08\/7-5.jpg\" class=\"attachment-full size-full wp-image-3114\" alt=\"\" srcset=\"https:\/\/zmarquitectura.com\/wp-content\/uploads\/2024\/08\/7-5.jpg 1500w, https:\/\/zmarquitectura.com\/wp-content\/uploads\/2024\/08\/7-5-300x200.jpg 300w, https:\/\/zmarquitectura.com\/wp-content\/uploads\/2024\/08\/7-5-1024x683.jpg 1024w, https:\/\/zmarquitectura.com\/wp-content\/uploads\/2024\/08\/7-5-768x512.jpg 768w, https:\/\/zmarquitectura.com\/wp-content\/uploads\/2024\/08\/7-5-18x12.jpg 18w\" sizes=\"(max-width: 1500px) 100vw, 1500px\" \/>\t\t\t\t\t\t\t\t\t\t\t\t\t<\/div>\n\t\t\t\t<\/div>\n\t\t\t\t<div class=\"elementor-element elementor-element-02d3643 elementor-invisible elementor-widget elementor-widget-image\" data-id=\"02d3643\" data-element_type=\"widget\" data-settings=\"{&quot;_animation&quot;:&quot;fadeInRight&quot;}\" data-widget_type=\"image.default\">\n\t\t\t\t<div class=\"elementor-widget-container\">\n\t\t\t\t\t\t\t\t\t\t\t\t\t<img loading=\"lazy\" decoding=\"async\" width=\"1500\" height=\"1000\" src=\"https:\/\/zmarquitectura.com\/wp-content\/uploads\/2024\/08\/8-2.jpg\" class=\"attachment-full size-full wp-image-3113\" alt=\"\" srcset=\"https:\/\/zmarquitectura.com\/wp-content\/uploads\/2024\/08\/8-2.jpg 1500w, https:\/\/zmarquitectura.com\/wp-content\/uploads\/2024\/08\/8-2-300x200.jpg 300w, https:\/\/zmarquitectura.com\/wp-content\/uploads\/2024\/08\/8-2-1024x683.jpg 1024w, https:\/\/zmarquitectura.com\/wp-content\/uploads\/2024\/08\/8-2-768x512.jpg 768w, https:\/\/zmarquitectura.com\/wp-content\/uploads\/2024\/08\/8-2-18x12.jpg 18w\" sizes=\"(max-width: 1500px) 100vw, 1500px\" \/>\t\t\t\t\t\t\t\t\t\t\t\t\t<\/div>\n\t\t\t\t<\/div>\n\t\t\t\t<div class=\"elementor-element elementor-element-4f9b756 elementor-invisible elementor-widget elementor-widget-image\" data-id=\"4f9b756\" data-element_type=\"widget\" data-settings=\"{&quot;_animation&quot;:&quot;fadeInLeft&quot;}\" data-widget_type=\"image.default\">\n\t\t\t\t<div class=\"elementor-widget-container\">\n\t\t\t\t\t\t\t\t\t\t\t\t\t<img loading=\"lazy\" decoding=\"async\" width=\"1500\" height=\"1000\" src=\"https:\/\/zmarquitectura.com\/wp-content\/uploads\/2024\/08\/9-4.jpg\" class=\"attachment-full size-full wp-image-3112\" alt=\"\" srcset=\"https:\/\/zmarquitectura.com\/wp-content\/uploads\/2024\/08\/9-4.jpg 1500w, https:\/\/zmarquitectura.com\/wp-content\/uploads\/2024\/08\/9-4-300x200.jpg 300w, https:\/\/zmarquitectura.com\/wp-content\/uploads\/2024\/08\/9-4-1024x683.jpg 1024w, https:\/\/zmarquitectura.com\/wp-content\/uploads\/2024\/08\/9-4-768x512.jpg 768w, https:\/\/zmarquitectura.com\/wp-content\/uploads\/2024\/08\/9-4-18x12.jpg 18w\" sizes=\"(max-width: 1500px) 100vw, 1500px\" \/>\t\t\t\t\t\t\t\t\t\t\t\t\t<\/div>\n\t\t\t\t<\/div>\n\t\t\t\t<div class=\"elementor-element elementor-element-86a95d9 elementor-invisible elementor-widget elementor-widget-image\" data-id=\"86a95d9\" data-element_type=\"widget\" data-settings=\"{&quot;_animation&quot;:&quot;fadeInRight&quot;}\" data-widget_type=\"image.default\">\n\t\t\t\t<div class=\"elementor-widget-container\">\n\t\t\t\t\t\t\t\t\t\t\t\t\t<img loading=\"lazy\" decoding=\"async\" width=\"1500\" height=\"1000\" src=\"https:\/\/zmarquitectura.com\/wp-content\/uploads\/2024\/08\/10.gif\" class=\"attachment-full size-full wp-image-3111\" alt=\"\" \/>\t\t\t\t\t\t\t\t\t\t\t\t\t<\/div>\n\t\t\t\t<\/div>\n\t\t\t\t<div class=\"elementor-element elementor-element-50736d3 elementor-invisible elementor-widget elementor-widget-image\" data-id=\"50736d3\" data-element_type=\"widget\" data-settings=\"{&quot;_animation&quot;:&quot;fadeInLeft&quot;}\" data-widget_type=\"image.default\">\n\t\t\t\t<div class=\"elementor-widget-container\">\n\t\t\t\t\t\t\t\t\t\t\t\t\t<img loading=\"lazy\" decoding=\"async\" width=\"1500\" height=\"1000\" src=\"https:\/\/zmarquitectura.com\/wp-content\/uploads\/2024\/08\/11-3.jpg\" class=\"attachment-full size-full wp-image-3110\" alt=\"\" srcset=\"https:\/\/zmarquitectura.com\/wp-content\/uploads\/2024\/08\/11-3.jpg 1500w, https:\/\/zmarquitectura.com\/wp-content\/uploads\/2024\/08\/11-3-300x200.jpg 300w, https:\/\/zmarquitectura.com\/wp-content\/uploads\/2024\/08\/11-3-1024x683.jpg 1024w, https:\/\/zmarquitectura.com\/wp-content\/uploads\/2024\/08\/11-3-768x512.jpg 768w, https:\/\/zmarquitectura.com\/wp-content\/uploads\/2024\/08\/11-3-18x12.jpg 18w\" sizes=\"(max-width: 1500px) 100vw, 1500px\" \/>\t\t\t\t\t\t\t\t\t\t\t\t\t<\/div>\n\t\t\t\t<\/div>\n\t\t\t\t<\/div>\n\t\t\t\t<div class=\"elementor-element elementor-element-e7bcca6 elementor-invisible elementor-widget elementor-widget-image\" data-id=\"e7bcca6\" data-element_type=\"widget\" data-settings=\"{&quot;_animation&quot;:&quot;fadeInRight&quot;}\" data-widget_type=\"image.default\">\n\t\t\t\t<div class=\"elementor-widget-container\">\n\t\t\t\t\t\t\t\t\t\t\t\t\t<img loading=\"lazy\" decoding=\"async\" width=\"1500\" height=\"1000\" src=\"https:\/\/zmarquitectura.com\/wp-content\/uploads\/2024\/08\/12-3.jpg\" class=\"attachment-full size-full wp-image-3109\" alt=\"\" srcset=\"https:\/\/zmarquitectura.com\/wp-content\/uploads\/2024\/08\/12-3.jpg 1500w, https:\/\/zmarquitectura.com\/wp-content\/uploads\/2024\/08\/12-3-300x200.jpg 300w, https:\/\/zmarquitectura.com\/wp-content\/uploads\/2024\/08\/12-3-1024x683.jpg 1024w, https:\/\/zmarquitectura.com\/wp-content\/uploads\/2024\/08\/12-3-768x512.jpg 768w, https:\/\/zmarquitectura.com\/wp-content\/uploads\/2024\/08\/12-3-18x12.jpg 18w\" sizes=\"(max-width: 1500px) 100vw, 1500px\" \/>\t\t\t\t\t\t\t\t\t\t\t\t\t<\/div>\n\t\t\t\t<\/div>\n\t\t\t\t<div class=\"elementor-element elementor-element-fa64369 elementor-invisible elementor-widget elementor-widget-image\" data-id=\"fa64369\" data-element_type=\"widget\" data-settings=\"{&quot;_animation&quot;:&quot;fadeInLeft&quot;}\" data-widget_type=\"image.default\">\n\t\t\t\t<div class=\"elementor-widget-container\">\n\t\t\t\t\t\t\t\t\t\t\t\t\t<img loading=\"lazy\" decoding=\"async\" width=\"1500\" height=\"1000\" src=\"https:\/\/zmarquitectura.com\/wp-content\/uploads\/2024\/08\/13-3.jpg\" class=\"attachment-full size-full wp-image-3108\" alt=\"\" srcset=\"https:\/\/zmarquitectura.com\/wp-content\/uploads\/2024\/08\/13-3.jpg 1500w, https:\/\/zmarquitectura.com\/wp-content\/uploads\/2024\/08\/13-3-300x200.jpg 300w, https:\/\/zmarquitectura.com\/wp-content\/uploads\/2024\/08\/13-3-1024x683.jpg 1024w, https:\/\/zmarquitectura.com\/wp-content\/uploads\/2024\/08\/13-3-768x512.jpg 768w, https:\/\/zmarquitectura.com\/wp-content\/uploads\/2024\/08\/13-3-18x12.jpg 18w\" sizes=\"(max-width: 1500px) 100vw, 1500px\" \/>\t\t\t\t\t\t\t\t\t\t\t\t\t<\/div>\n\t\t\t\t<\/div>\n\t\t\t\t<div class=\"elementor-element elementor-element-d71385e elementor-invisible elementor-widget elementor-widget-image\" data-id=\"d71385e\" data-element_type=\"widget\" data-settings=\"{&quot;_animation&quot;:&quot;fadeInRight&quot;}\" data-widget_type=\"image.default\">\n\t\t\t\t<div class=\"elementor-widget-container\">\n\t\t\t\t\t\t\t\t\t\t\t\t\t<img loading=\"lazy\" decoding=\"async\" width=\"1500\" height=\"1000\" src=\"https:\/\/zmarquitectura.com\/wp-content\/uploads\/2024\/08\/14-2.jpg\" class=\"attachment-full size-full wp-image-3107\" alt=\"\" srcset=\"https:\/\/zmarquitectura.com\/wp-content\/uploads\/2024\/08\/14-2.jpg 1500w, https:\/\/zmarquitectura.com\/wp-content\/uploads\/2024\/08\/14-2-300x200.jpg 300w, https:\/\/zmarquitectura.com\/wp-content\/uploads\/2024\/08\/14-2-1024x683.jpg 1024w, https:\/\/zmarquitectura.com\/wp-content\/uploads\/2024\/08\/14-2-768x512.jpg 768w, https:\/\/zmarquitectura.com\/wp-content\/uploads\/2024\/08\/14-2-18x12.jpg 18w\" sizes=\"(max-width: 1500px) 100vw, 1500px\" \/>\t\t\t\t\t\t\t\t\t\t\t\t\t<\/div>\n\t\t\t\t<\/div>\n\t\t\t\t<div class=\"elementor-element elementor-element-b3e9841 elementor-invisible elementor-widget elementor-widget-image\" data-id=\"b3e9841\" data-element_type=\"widget\" data-settings=\"{&quot;_animation&quot;:&quot;fadeInLeft&quot;}\" data-widget_type=\"image.default\">\n\t\t\t\t<div class=\"elementor-widget-container\">\n\t\t\t\t\t\t\t\t\t\t\t\t\t<img loading=\"lazy\" decoding=\"async\" width=\"1500\" height=\"1000\" src=\"https:\/\/zmarquitectura.com\/wp-content\/uploads\/2024\/08\/15-1.jpg\" class=\"attachment-full size-full wp-image-3106\" alt=\"\" srcset=\"https:\/\/zmarquitectura.com\/wp-content\/uploads\/2024\/08\/15-1.jpg 1500w, https:\/\/zmarquitectura.com\/wp-content\/uploads\/2024\/08\/15-1-300x200.jpg 300w, https:\/\/zmarquitectura.com\/wp-content\/uploads\/2024\/08\/15-1-1024x683.jpg 1024w, https:\/\/zmarquitectura.com\/wp-content\/uploads\/2024\/08\/15-1-768x512.jpg 768w, https:\/\/zmarquitectura.com\/wp-content\/uploads\/2024\/08\/15-1-18x12.jpg 18w\" sizes=\"(max-width: 1500px) 100vw, 1500px\" \/>\t\t\t\t\t\t\t\t\t\t\t\t\t<\/div>\n\t\t\t\t<\/div>\n\t\t\t\t<div class=\"elementor-element elementor-element-e52064f elementor-invisible elementor-widget elementor-widget-image\" data-id=\"e52064f\" data-element_type=\"widget\" data-settings=\"{&quot;_animation&quot;:&quot;fadeInRight&quot;}\" data-widget_type=\"image.default\">\n\t\t\t\t<div class=\"elementor-widget-container\">\n\t\t\t\t\t\t\t\t\t\t\t\t\t<img loading=\"lazy\" decoding=\"async\" width=\"1500\" height=\"1000\" src=\"https:\/\/zmarquitectura.com\/wp-content\/uploads\/2024\/08\/16.gif\" class=\"attachment-full size-full wp-image-3105\" alt=\"\" \/>\t\t\t\t\t\t\t\t\t\t\t\t\t<\/div>\n\t\t\t\t<\/div>\n\t\t\t\t\t<\/div>\n\t\t\t\t<\/div>\n\t\t<div class=\"elementor-element elementor-element-80dc040 e-flex e-con-boxed e-con e-parent\" data-id=\"80dc040\" data-element_type=\"container\">\n\t\t\t\t\t<div class=\"e-con-inner\">\n\t\t\t\t<div class=\"elementor-element elementor-element-51e0ba7 elementor-icon-list--layout-traditional elementor-list-item-link-full_width elementor-widget elementor-widget-icon-list\" data-id=\"51e0ba7\" data-element_type=\"widget\" data-settings=\"{&quot;_animation&quot;:&quot;none&quot;}\" data-widget_type=\"icon-list.default\">\n\t\t\t\t<div class=\"elementor-widget-container\">\n\t\t\t<link rel=\"stylesheet\" href=\"https:\/\/zmarquitectura.com\/wp-content\/plugins\/elementor\/assets\/css\/widget-icon-list.min.css\">\t\t<ul class=\"elementor-icon-list-items\">\n\t\t\t\t\t\t\t<li class=\"elementor-icon-list-item\">\n\t\t\t\t\t\t\t\t\t\t\t<span class=\"elementor-icon-list-icon\">\n\t\t\t\t\t\t\t<svg aria-hidden=\"true\" class=\"e-font-icon-svg e-fas-map-marker-alt\" viewbox=\"0 0 384 512\" xmlns=\"http:\/\/www.w3.org\/2000\/svg\"><path d=\"M172.268 501.67C26.97 291.031 0 269.413 0 192 0 85.961 85.961 0 192 0s192 85.961 192 192c0 77.413-26.97 99.031-172.268 309.67-9.535 13.774-29.93 13.773-39.464 0zM192 272c44.183 0 80-35.817 80-80s-35.817-80-80-80-80 35.817-80 80 35.817 80 80 80z\"><\/path><\/svg>\t\t\t\t\t\t<\/span>\n\t\t\t\t\t\t\t\t\t\t<span class=\"elementor-icon-list-text\">Location: Buenos Aires, Argentina.<\/span>\n\t\t\t\t\t\t\t\t\t<\/li>\n\t\t\t\t\t\t\t\t<li class=\"elementor-icon-list-item\">\n\t\t\t\t\t\t\t\t\t\t\t<span class=\"elementor-icon-list-icon\">\n\t\t\t\t\t\t\t<svg aria-hidden=\"true\" class=\"e-font-icon-svg e-far-calendar-alt\" viewbox=\"0 0 448 512\" xmlns=\"http:\/\/www.w3.org\/2000\/svg\"><path d=\"M148 288h-40c-6.6 0-12-5.4-12-12v-40c0-6.6 5.4-12 12-12h40c6.6 0 12 5.4 12 12v40c0 6.6-5.4 12-12 12zm108-12v-40c0-6.6-5.4-12-12-12h-40c-6.6 0-12 5.4-12 12v40c0 6.6 5.4 12 12 12h40c6.6 0 12-5.4 12-12zm96 0v-40c0-6.6-5.4-12-12-12h-40c-6.6 0-12 5.4-12 12v40c0 6.6 5.4 12 12 12h40c6.6 0 12-5.4 12-12zm-96 96v-40c0-6.6-5.4-12-12-12h-40c-6.6 0-12 5.4-12 12v40c0 6.6 5.4 12 12 12h40c6.6 0 12-5.4 12-12zm-96 0v-40c0-6.6-5.4-12-12-12h-40c-6.6 0-12 5.4-12 12v40c0 6.6 5.4 12 12 12h40c6.6 0 12-5.4 12-12zm192 0v-40c0-6.6-5.4-12-12-12h-40c-6.6 0-12 5.4-12 12v40c0 6.6 5.4 12 12 12h40c6.6 0 12-5.4 12-12zm96-260v352c0 26.5-21.5 48-48 48H48c-26.5 0-48-21.5-48-48V112c0-26.5 21.5-48 48-48h48V12c0-6.6 5.4-12 12-12h40c6.6 0 12 5.4 12 12v52h128V12c0-6.6 5.4-12 12-12h40c6.6 0 12 5.4 12 12v52h48c26.5 0 48 21.5 48 48zm-48 346V160H48v298c0 3.3 2.7 6 6 6h340c3.3 0 6-2.7 6-6z\"><\/path><\/svg>\t\t\t\t\t\t<\/span>\n\t\t\t\t\t\t\t\t\t\t<span class=\"elementor-icon-list-text\">Year: 2024.<\/span>\n\t\t\t\t\t\t\t\t\t<\/li>\n\t\t\t\t\t\t\t\t<li class=\"elementor-icon-list-item\">\n\t\t\t\t\t\t\t\t\t\t\t<span class=\"elementor-icon-list-icon\">\n\t\t\t\t\t\t\t<svg aria-hidden=\"true\" class=\"e-font-icon-svg e-fas-angle-double-right\" viewbox=\"0 0 448 512\" xmlns=\"http:\/\/www.w3.org\/2000\/svg\"><path d=\"M224.3 273l-136 136c-9.4 9.4-24.6 9.4-33.9 0l-22.6-22.6c-9.4-9.4-9.4-24.6 0-33.9l96.4-96.4-96.4-96.4c-9.4-9.4-9.4-24.6 0-33.9L54.3 103c9.4-9.4 24.6-9.4 33.9 0l136 136c9.5 9.4 9.5 24.6.1 34zm192-34l-136-136c-9.4-9.4-24.6-9.4-33.9 0l-22.6 22.6c-9.4 9.4-9.4 24.6 0 33.9l96.4 96.4-96.4 96.4c-9.4 9.4-9.4 24.6 0 33.9l22.6 22.6c9.4 9.4 24.6 9.4 33.9 0l136-136c9.4-9.2 9.4-24.4 0-33.8z\"><\/path><\/svg>\t\t\t\t\t\t<\/span>\n\t\t\t\t\t\t\t\t\t\t<span class=\"elementor-icon-list-text\">Project and Construction Management: <span style=\"color: #ff6600;\">ZM Arquitectura.<\/span><\/span>\n\t\t\t\t\t\t\t\t\t<\/li>\n\t\t\t\t\t\t<\/ul>\n\t\t\t\t<\/div>\n\t\t\t\t<\/div>\n\t\t\t\t\t<\/div>\n\t\t\t\t<\/div>\n\t\t<div class=\"elementor-element elementor-element-38b2c60 e-con-full e-flex e-con e-parent\" data-id=\"38b2c60\" data-element_type=\"container\" data-settings=\"{&quot;background_background&quot;:&quot;classic&quot;}\">\n\t\t\t\t<div class=\"elementor-element elementor-element-7de68a9 elementor-widget elementor-widget-spacer\" data-id=\"7de68a9\" data-element_type=\"widget\" data-widget_type=\"spacer.default\">\n\t\t\t\t<div class=\"elementor-widget-container\">\n\t\t\t<style>\/*! elementor - v3.23.0 - 05-08-2024 *\/\n.elementor-column .elementor-spacer-inner{height:var(--spacer-size)}.e-con{--container-widget-width:100%}.e-con-inner>.elementor-widget-spacer,.e-con>.elementor-widget-spacer{width:var(--container-widget-width,var(--spacer-size));--align-self:var(--container-widget-align-self,initial);--flex-shrink:0}.e-con-inner>.elementor-widget-spacer>.elementor-widget-container,.e-con>.elementor-widget-spacer>.elementor-widget-container{height:100%;width:100%}.e-con-inner>.elementor-widget-spacer>.elementor-widget-container>.elementor-spacer,.e-con>.elementor-widget-spacer>.elementor-widget-container>.elementor-spacer{height:100%}.e-con-inner>.elementor-widget-spacer>.elementor-widget-container>.elementor-spacer>.elementor-spacer-inner,.e-con>.elementor-widget-spacer>.elementor-widget-container>.elementor-spacer>.elementor-spacer-inner{height:var(--container-widget-height,var(--spacer-size))}.e-con-inner>.elementor-widget-spacer.elementor-widget-empty,.e-con>.elementor-widget-spacer.elementor-widget-empty{position:relative;min-height:22px;min-width:22px}.e-con-inner>.elementor-widget-spacer.elementor-widget-empty .elementor-widget-empty-icon,.e-con>.elementor-widget-spacer.elementor-widget-empty .elementor-widget-empty-icon{position:absolute;top:0;bottom:0;left:0;right:0;margin:auto;padding:0;width:22px;height:22px}<\/style>\t\t<div class=\"elementor-spacer\">\n\t\t\t<div class=\"elementor-spacer-inner\"><\/div>\n\t\t<\/div>\n\t\t\t\t<\/div>\n\t\t\t\t<\/div>\n\t\t\t\t<\/div>\n\t\t\t\t<\/div>","protected":false},"excerpt":{"rendered":"<p>Departamento Virrey del Pino Ubicaci\u00f3n: Buenos Aires, Argentina. A\u00f1o: 2024. Proyecto y Direcci\u00f3n de obra: ZM Arquitectura.<\/p>","protected":false},"author":1,"featured_media":0,"parent":0,"menu_order":0,"comment_status":"closed","ping_status":"closed","template":"","meta":{"_monsterinsights_skip_tracking":false,"_monsterinsights_sitenote_active":false,"_monsterinsights_sitenote_note":"","_monsterinsights_sitenote_category":0,"site-sidebar-layout":"no-sidebar","site-content-layout":"page-builder","ast-site-content-layout":"full-width-container","site-content-style":"default","site-sidebar-style":"default","ast-global-header-display":"","ast-banner-title-visibility":"","ast-main-header-display":"","ast-hfb-above-header-display":"","ast-hfb-below-header-display":"","ast-hfb-mobile-header-display":"","site-post-title":"disabled","ast-breadcrumbs-content":"","ast-featured-img":"disabled","footer-sml-layout":"","theme-transparent-header-meta":"","adv-header-id-meta":"","stick-header-meta":"","header-above-stick-meta":"","header-main-stick-meta":"","header-below-stick-meta":"","astra-migrate-meta-layouts":"set","ast-page-background-enabled":"default","ast-page-background-meta":{"desktop":{"background-color":"","background-image":"","background-repeat":"repeat","background-position":"center center","background-size":"auto","background-attachment":"scroll","background-type":"","background-media":"","overlay-type":"","overlay-color":"","overlay-opacity":"","overlay-gradient":""},"tablet":{"background-color":"","background-image":"","background-repeat":"repeat","background-position":"center center","background-size":"auto","background-attachment":"scroll","background-type":"","background-media":"","overlay-type":"","overlay-color":"","overlay-opacity":"","overlay-gradient":""},"mobile":{"background-color":"","background-image":"","background-repeat":"repeat","background-position":"center center","background-size":"auto","background-attachment":"scroll","background-type":"","background-media":"","overlay-type":"","overlay-color":"","overlay-opacity":"","overlay-gradient":""}},"ast-content-background-meta":{"desktop":{"background-color":"var(--ast-global-color-5)","background-image":"","background-repeat":"repeat","background-position":"center center","background-size":"auto","background-attachment":"scroll","background-type":"","background-media":"","overlay-type":"","overlay-color":"","overlay-opacity":"","overlay-gradient":""},"tablet":{"background-color":"var(--ast-global-color-5)","background-image":"","background-repeat":"repeat","background-position":"center center","background-size":"auto","background-attachment":"scroll","background-type":"","background-media":"","overlay-type":"","overlay-color":"","overlay-opacity":"","overlay-gradient":""},"mobile":{"background-color":"var(--ast-global-color-5)","background-image":"","background-repeat":"repeat","background-position":"center center","background-size":"auto","background-attachment":"scroll","background-type":"","background-media":"","overlay-type":"","overlay-color":"","overlay-opacity":"","overlay-gradient":""}},"footnotes":""},"class_list":["post-2923","page","type-page","status-publish","hentry"],"aioseo_notices":[],"_links":{"self":[{"href":"https:\/\/zmarquitectura.com\/en\/wp-json\/wp\/v2\/pages\/2923"}],"collection":[{"href":"https:\/\/zmarquitectura.com\/en\/wp-json\/wp\/v2\/pages"}],"about":[{"href":"https:\/\/zmarquitectura.com\/en\/wp-json\/wp\/v2\/types\/page"}],"author":[{"embeddable":true,"href":"https:\/\/zmarquitectura.com\/en\/wp-json\/wp\/v2\/users\/1"}],"replies":[{"embeddable":true,"href":"https:\/\/zmarquitectura.com\/en\/wp-json\/wp\/v2\/comments?post=2923"}],"version-history":[{"count":10,"href":"https:\/\/zmarquitectura.com\/en\/wp-json\/wp\/v2\/pages\/2923\/revisions"}],"predecessor-version":[{"id":3439,"href":"https:\/\/zmarquitectura.com\/en\/wp-json\/wp\/v2\/pages\/2923\/revisions\/3439"}],"wp:attachment":[{"href":"https:\/\/zmarquitectura.com\/en\/wp-json\/wp\/v2\/media?parent=2923"}],"curies":[{"name":"wp","href":"https:\/\/api.w.org\/{rel}","templated":true}]}}