{"id":2664,"date":"2024-07-29T11:11:25","date_gmt":"2024-07-29T11:11:25","guid":{"rendered":"https:\/\/zmarquitectura.com\/?page_id=2664"},"modified":"2024-09-03T10:23:53","modified_gmt":"2024-09-03T10:23:53","slug":"casa-rincon-de-la-costa","status":"publish","type":"page","link":"https:\/\/zmarquitectura.com\/en\/casa-rincon-de-la-costa\/","title":{"rendered":"CASA RINCON DE LA COSTA"},"content":{"rendered":"<div data-elementor-type=\"wp-page\" data-elementor-id=\"2664\" class=\"elementor elementor-2664\">\n\t\t\t\t<div class=\"elementor-element elementor-element-ed10939 e-flex e-con-boxed e-con e-parent\" data-id=\"ed10939\" data-element_type=\"container\" data-settings=\"{&quot;background_background&quot;:&quot;classic&quot;}\">\n\t\t\t\t\t<div class=\"e-con-inner\">\n\t\t<div class=\"elementor-element elementor-element-43bcf46 e-con-full e-flex e-con e-child\" data-id=\"43bcf46\" data-element_type=\"container\" data-settings=\"{&quot;background_background&quot;:&quot;classic&quot;}\">\n\t\t\t\t<\/div>\n\t\t\t\t\t<\/div>\n\t\t\t\t<\/div>\n\t\t<div class=\"elementor-element elementor-element-05c9f0c e-flex e-con-boxed e-con e-parent\" data-id=\"05c9f0c\" data-element_type=\"container\">\n\t\t\t\t\t<div class=\"e-con-inner\">\n\t\t<div class=\"elementor-element elementor-element-d8d65b0 e-con-full e-flex e-con e-child\" data-id=\"d8d65b0\" data-element_type=\"container\">\n\t\t\t\t<div class=\"elementor-element elementor-element-b4c3ba6 elementor-invisible elementor-widget elementor-widget-heading\" data-id=\"b4c3ba6\" data-element_type=\"widget\" data-settings=\"{&quot;_animation&quot;:&quot;fadeInUp&quot;}\" data-widget_type=\"heading.default\">\n\t\t\t\t<div class=\"elementor-widget-container\">\n\t\t\t<style>\/*! elementor - v3.23.0 - 05-08-2024 *\/\n.elementor-heading-title{padding:0;margin:0;line-height:1}.elementor-widget-heading .elementor-heading-title[class*=elementor-size-]>a{color:inherit;font-size:inherit;line-height:inherit}.elementor-widget-heading .elementor-heading-title.elementor-size-small{font-size:15px}.elementor-widget-heading .elementor-heading-title.elementor-size-medium{font-size:19px}.elementor-widget-heading .elementor-heading-title.elementor-size-large{font-size:29px}.elementor-widget-heading .elementor-heading-title.elementor-size-xl{font-size:39px}.elementor-widget-heading .elementor-heading-title.elementor-size-xxl{font-size:59px}<\/style><h2 class=\"elementor-heading-title elementor-size-default\">Rinc\u00f3n de la Costa House<\/h2>\t\t<\/div>\n\t\t\t\t<\/div>\n\t\t\t\t<\/div>\n\t\t\t\t\t<\/div>\n\t\t\t\t<\/div>\n\t\t<div class=\"elementor-element elementor-element-bfc1bfb e-flex e-con-boxed e-con e-parent\" data-id=\"bfc1bfb\" data-element_type=\"container\">\n\t\t\t\t\t<div class=\"e-con-inner\">\n\t\t<div class=\"elementor-element elementor-element-ffe3131 e-con-full e-flex e-con e-child\" data-id=\"ffe3131\" data-element_type=\"container\">\n\t\t\t\t<div class=\"elementor-element elementor-element-6393b95 elementor-invisible elementor-widget elementor-widget-image\" data-id=\"6393b95\" data-element_type=\"widget\" data-settings=\"{&quot;_animation&quot;:&quot;fadeInLeft&quot;}\" data-widget_type=\"image.default\">\n\t\t\t\t<div class=\"elementor-widget-container\">\n\t\t\t<style>\/*! elementor - v3.23.0 - 05-08-2024 *\/\n.elementor-widget-image{text-align:center}.elementor-widget-image a{display:inline-block}.elementor-widget-image a img[src$=\".svg\"]{width:48px}.elementor-widget-image img{vertical-align:middle;display:inline-block}<\/style>\t\t\t\t\t\t\t\t\t\t<img fetchpriority=\"high\" decoding=\"async\" width=\"1024\" height=\"768\" src=\"https:\/\/zmarquitectura.com\/wp-content\/uploads\/2024\/09\/PORTADA-14-1024x768.jpg\" class=\"attachment-large size-large wp-image-3447\" alt=\"\" srcset=\"https:\/\/zmarquitectura.com\/wp-content\/uploads\/2024\/09\/PORTADA-14-1024x768.jpg 1024w, https:\/\/zmarquitectura.com\/wp-content\/uploads\/2024\/09\/PORTADA-14-300x225.jpg 300w, https:\/\/zmarquitectura.com\/wp-content\/uploads\/2024\/09\/PORTADA-14-768x576.jpg 768w, https:\/\/zmarquitectura.com\/wp-content\/uploads\/2024\/09\/PORTADA-14-1536x1152.jpg 1536w, https:\/\/zmarquitectura.com\/wp-content\/uploads\/2024\/09\/PORTADA-14-2048x1536.jpg 2048w, https:\/\/zmarquitectura.com\/wp-content\/uploads\/2024\/09\/PORTADA-14-16x12.jpg 16w\" sizes=\"(max-width: 1024px) 100vw, 1024px\" \/>\t\t\t\t\t\t\t\t\t\t\t\t\t<\/div>\n\t\t\t\t<\/div>\n\t\t\t\t<div class=\"elementor-element elementor-element-f0729af elementor-invisible elementor-widget elementor-widget-image\" data-id=\"f0729af\" data-element_type=\"widget\" data-settings=\"{&quot;_animation&quot;:&quot;fadeInRight&quot;}\" data-widget_type=\"image.default\">\n\t\t\t\t<div class=\"elementor-widget-container\">\n\t\t\t\t\t\t\t\t\t\t\t\t\t<img decoding=\"async\" width=\"1024\" height=\"768\" src=\"https:\/\/zmarquitectura.com\/wp-content\/uploads\/2024\/09\/2-7-1024x768.jpg\" class=\"attachment-large size-large wp-image-3446\" alt=\"\" srcset=\"https:\/\/zmarquitectura.com\/wp-content\/uploads\/2024\/09\/2-7-1024x768.jpg 1024w, https:\/\/zmarquitectura.com\/wp-content\/uploads\/2024\/09\/2-7-300x225.jpg 300w, https:\/\/zmarquitectura.com\/wp-content\/uploads\/2024\/09\/2-7-768x576.jpg 768w, https:\/\/zmarquitectura.com\/wp-content\/uploads\/2024\/09\/2-7-1536x1152.jpg 1536w, https:\/\/zmarquitectura.com\/wp-content\/uploads\/2024\/09\/2-7-2048x1536.jpg 2048w, https:\/\/zmarquitectura.com\/wp-content\/uploads\/2024\/09\/2-7-16x12.jpg 16w\" sizes=\"(max-width: 1024px) 100vw, 1024px\" \/>\t\t\t\t\t\t\t\t\t\t\t\t\t<\/div>\n\t\t\t\t<\/div>\n\t\t\t\t<div class=\"elementor-element elementor-element-dfadd05 elementor-invisible elementor-widget elementor-widget-image\" data-id=\"dfadd05\" data-element_type=\"widget\" data-settings=\"{&quot;_animation&quot;:&quot;fadeInLeft&quot;}\" data-widget_type=\"image.default\">\n\t\t\t\t<div class=\"elementor-widget-container\">\n\t\t\t\t\t\t\t\t\t\t\t\t\t<img decoding=\"async\" width=\"1024\" height=\"768\" src=\"https:\/\/zmarquitectura.com\/wp-content\/uploads\/2024\/09\/3-6-1024x768.jpg\" class=\"attachment-large size-large wp-image-3445\" alt=\"\" srcset=\"https:\/\/zmarquitectura.com\/wp-content\/uploads\/2024\/09\/3-6-1024x768.jpg 1024w, https:\/\/zmarquitectura.com\/wp-content\/uploads\/2024\/09\/3-6-300x225.jpg 300w, https:\/\/zmarquitectura.com\/wp-content\/uploads\/2024\/09\/3-6-768x576.jpg 768w, https:\/\/zmarquitectura.com\/wp-content\/uploads\/2024\/09\/3-6-1536x1152.jpg 1536w, https:\/\/zmarquitectura.com\/wp-content\/uploads\/2024\/09\/3-6-2048x1536.jpg 2048w, https:\/\/zmarquitectura.com\/wp-content\/uploads\/2024\/09\/3-6-16x12.jpg 16w\" sizes=\"(max-width: 1024px) 100vw, 1024px\" \/>\t\t\t\t\t\t\t\t\t\t\t\t\t<\/div>\n\t\t\t\t<\/div>\n\t\t\t\t<div class=\"elementor-element elementor-element-6f76204 elementor-invisible elementor-widget elementor-widget-image\" data-id=\"6f76204\" data-element_type=\"widget\" data-settings=\"{&quot;_animation&quot;:&quot;fadeInRight&quot;}\" data-widget_type=\"image.default\">\n\t\t\t\t<div class=\"elementor-widget-container\">\n\t\t\t\t\t\t\t\t\t\t\t\t\t<img loading=\"lazy\" decoding=\"async\" width=\"1024\" height=\"768\" src=\"https:\/\/zmarquitectura.com\/wp-content\/uploads\/2024\/09\/5-7-1024x768.jpg\" class=\"attachment-large size-large wp-image-3444\" alt=\"\" srcset=\"https:\/\/zmarquitectura.com\/wp-content\/uploads\/2024\/09\/5-7-1024x768.jpg 1024w, https:\/\/zmarquitectura.com\/wp-content\/uploads\/2024\/09\/5-7-300x225.jpg 300w, https:\/\/zmarquitectura.com\/wp-content\/uploads\/2024\/09\/5-7-768x576.jpg 768w, https:\/\/zmarquitectura.com\/wp-content\/uploads\/2024\/09\/5-7-1536x1152.jpg 1536w, https:\/\/zmarquitectura.com\/wp-content\/uploads\/2024\/09\/5-7-2048x1536.jpg 2048w, https:\/\/zmarquitectura.com\/wp-content\/uploads\/2024\/09\/5-7-16x12.jpg 16w\" sizes=\"(max-width: 1024px) 100vw, 1024px\" \/>\t\t\t\t\t\t\t\t\t\t\t\t\t<\/div>\n\t\t\t\t<\/div>\n\t\t\t\t<div class=\"elementor-element elementor-element-c71648b elementor-invisible elementor-widget elementor-widget-image\" data-id=\"c71648b\" data-element_type=\"widget\" data-settings=\"{&quot;_animation&quot;:&quot;fadeInLeft&quot;}\" data-widget_type=\"image.default\">\n\t\t\t\t<div class=\"elementor-widget-container\">\n\t\t\t\t\t\t\t\t\t\t\t\t\t<img loading=\"lazy\" decoding=\"async\" width=\"1024\" height=\"768\" src=\"https:\/\/zmarquitectura.com\/wp-content\/uploads\/2024\/09\/6-8-1024x768.jpg\" class=\"attachment-large size-large wp-image-3443\" alt=\"\" srcset=\"https:\/\/zmarquitectura.com\/wp-content\/uploads\/2024\/09\/6-8-1024x768.jpg 1024w, https:\/\/zmarquitectura.com\/wp-content\/uploads\/2024\/09\/6-8-300x225.jpg 300w, https:\/\/zmarquitectura.com\/wp-content\/uploads\/2024\/09\/6-8-768x576.jpg 768w, https:\/\/zmarquitectura.com\/wp-content\/uploads\/2024\/09\/6-8-1536x1152.jpg 1536w, https:\/\/zmarquitectura.com\/wp-content\/uploads\/2024\/09\/6-8-2048x1536.jpg 2048w, https:\/\/zmarquitectura.com\/wp-content\/uploads\/2024\/09\/6-8-16x12.jpg 16w\" sizes=\"(max-width: 1024px) 100vw, 1024px\" \/>\t\t\t\t\t\t\t\t\t\t\t\t\t<\/div>\n\t\t\t\t<\/div>\n\t\t\t\t<div class=\"elementor-element elementor-element-b140d4d elementor-invisible elementor-widget elementor-widget-image\" data-id=\"b140d4d\" data-element_type=\"widget\" data-settings=\"{&quot;_animation&quot;:&quot;fadeInRight&quot;}\" data-widget_type=\"image.default\">\n\t\t\t\t<div class=\"elementor-widget-container\">\n\t\t\t\t\t\t\t\t\t\t\t\t\t<img loading=\"lazy\" decoding=\"async\" width=\"1024\" height=\"768\" src=\"https:\/\/zmarquitectura.com\/wp-content\/uploads\/2024\/09\/8-5-1024x768.jpg\" class=\"attachment-large size-large wp-image-3442\" alt=\"\" srcset=\"https:\/\/zmarquitectura.com\/wp-content\/uploads\/2024\/09\/8-5-1024x768.jpg 1024w, https:\/\/zmarquitectura.com\/wp-content\/uploads\/2024\/09\/8-5-300x225.jpg 300w, https:\/\/zmarquitectura.com\/wp-content\/uploads\/2024\/09\/8-5-768x576.jpg 768w, https:\/\/zmarquitectura.com\/wp-content\/uploads\/2024\/09\/8-5-1536x1152.jpg 1536w, https:\/\/zmarquitectura.com\/wp-content\/uploads\/2024\/09\/8-5-2048x1536.jpg 2048w, https:\/\/zmarquitectura.com\/wp-content\/uploads\/2024\/09\/8-5-16x12.jpg 16w\" sizes=\"(max-width: 1024px) 100vw, 1024px\" \/>\t\t\t\t\t\t\t\t\t\t\t\t\t<\/div>\n\t\t\t\t<\/div>\n\t\t\t\t<div class=\"elementor-element elementor-element-6d691d9 elementor-invisible elementor-widget elementor-widget-image\" data-id=\"6d691d9\" data-element_type=\"widget\" data-settings=\"{&quot;_animation&quot;:&quot;fadeInLeft&quot;}\" data-widget_type=\"image.default\">\n\t\t\t\t<div class=\"elementor-widget-container\">\n\t\t\t\t\t\t\t\t\t\t\t\t\t<img loading=\"lazy\" decoding=\"async\" width=\"1024\" height=\"768\" src=\"https:\/\/zmarquitectura.com\/wp-content\/uploads\/2024\/09\/9-7-1024x768.jpg\" class=\"attachment-large size-large wp-image-3441\" alt=\"\" srcset=\"https:\/\/zmarquitectura.com\/wp-content\/uploads\/2024\/09\/9-7-1024x768.jpg 1024w, https:\/\/zmarquitectura.com\/wp-content\/uploads\/2024\/09\/9-7-300x225.jpg 300w, https:\/\/zmarquitectura.com\/wp-content\/uploads\/2024\/09\/9-7-768x576.jpg 768w, https:\/\/zmarquitectura.com\/wp-content\/uploads\/2024\/09\/9-7-1536x1152.jpg 1536w, https:\/\/zmarquitectura.com\/wp-content\/uploads\/2024\/09\/9-7-2048x1536.jpg 2048w, https:\/\/zmarquitectura.com\/wp-content\/uploads\/2024\/09\/9-7-16x12.jpg 16w\" sizes=\"(max-width: 1024px) 100vw, 1024px\" \/>\t\t\t\t\t\t\t\t\t\t\t\t\t<\/div>\n\t\t\t\t<\/div>\n\t\t\t\t<div class=\"elementor-element elementor-element-243f394 elementor-invisible elementor-widget elementor-widget-image\" data-id=\"243f394\" data-element_type=\"widget\" data-settings=\"{&quot;_animation&quot;:&quot;fadeInRight&quot;}\" data-widget_type=\"image.default\">\n\t\t\t\t<div class=\"elementor-widget-container\">\n\t\t\t\t\t\t\t\t\t\t\t\t\t<img loading=\"lazy\" decoding=\"async\" width=\"1024\" height=\"768\" src=\"https:\/\/zmarquitectura.com\/wp-content\/uploads\/2024\/09\/10-5-1024x768.jpg\" class=\"attachment-large size-large wp-image-3440\" alt=\"\" srcset=\"https:\/\/zmarquitectura.com\/wp-content\/uploads\/2024\/09\/10-5-1024x768.jpg 1024w, https:\/\/zmarquitectura.com\/wp-content\/uploads\/2024\/09\/10-5-300x225.jpg 300w, https:\/\/zmarquitectura.com\/wp-content\/uploads\/2024\/09\/10-5-768x576.jpg 768w, https:\/\/zmarquitectura.com\/wp-content\/uploads\/2024\/09\/10-5-1536x1152.jpg 1536w, https:\/\/zmarquitectura.com\/wp-content\/uploads\/2024\/09\/10-5-2048x1536.jpg 2048w, https:\/\/zmarquitectura.com\/wp-content\/uploads\/2024\/09\/10-5-16x12.jpg 16w\" sizes=\"(max-width: 1024px) 100vw, 1024px\" \/>\t\t\t\t\t\t\t\t\t\t\t\t\t<\/div>\n\t\t\t\t<\/div>\n\t\t\t\t<div class=\"elementor-element elementor-element-0324b50 elementor-invisible elementor-widget elementor-widget-image\" data-id=\"0324b50\" data-element_type=\"widget\" data-settings=\"{&quot;_animation&quot;:&quot;fadeInLeft&quot;}\" data-widget_type=\"image.default\">\n\t\t\t\t<div class=\"elementor-widget-container\">\n\t\t\t\t\t\t\t\t\t\t\t\t\t<img loading=\"lazy\" decoding=\"async\" width=\"1024\" height=\"768\" src=\"https:\/\/zmarquitectura.com\/wp-content\/uploads\/2024\/09\/12-4-1024x768.jpg\" class=\"attachment-large size-large wp-image-3436\" alt=\"\" srcset=\"https:\/\/zmarquitectura.com\/wp-content\/uploads\/2024\/09\/12-4-1024x768.jpg 1024w, https:\/\/zmarquitectura.com\/wp-content\/uploads\/2024\/09\/12-4-300x225.jpg 300w, https:\/\/zmarquitectura.com\/wp-content\/uploads\/2024\/09\/12-4-768x576.jpg 768w, https:\/\/zmarquitectura.com\/wp-content\/uploads\/2024\/09\/12-4-1536x1152.jpg 1536w, https:\/\/zmarquitectura.com\/wp-content\/uploads\/2024\/09\/12-4-2048x1536.jpg 2048w, https:\/\/zmarquitectura.com\/wp-content\/uploads\/2024\/09\/12-4-16x12.jpg 16w\" sizes=\"(max-width: 1024px) 100vw, 1024px\" \/>\t\t\t\t\t\t\t\t\t\t\t\t\t<\/div>\n\t\t\t\t<\/div>\n\t\t\t\t<div class=\"elementor-element elementor-element-432a003 elementor-invisible elementor-widget elementor-widget-image\" data-id=\"432a003\" data-element_type=\"widget\" data-settings=\"{&quot;_animation&quot;:&quot;fadeInRight&quot;}\" data-widget_type=\"image.default\">\n\t\t\t\t<div class=\"elementor-widget-container\">\n\t\t\t\t\t\t\t\t\t\t\t\t\t<img loading=\"lazy\" decoding=\"async\" width=\"1024\" height=\"768\" src=\"https:\/\/zmarquitectura.com\/wp-content\/uploads\/2024\/09\/11-4-1024x768.jpg\" class=\"attachment-large size-large wp-image-3435\" alt=\"\" srcset=\"https:\/\/zmarquitectura.com\/wp-content\/uploads\/2024\/09\/11-4-1024x768.jpg 1024w, https:\/\/zmarquitectura.com\/wp-content\/uploads\/2024\/09\/11-4-300x225.jpg 300w, https:\/\/zmarquitectura.com\/wp-content\/uploads\/2024\/09\/11-4-768x576.jpg 768w, https:\/\/zmarquitectura.com\/wp-content\/uploads\/2024\/09\/11-4-1536x1152.jpg 1536w, https:\/\/zmarquitectura.com\/wp-content\/uploads\/2024\/09\/11-4-2048x1536.jpg 2048w, https:\/\/zmarquitectura.com\/wp-content\/uploads\/2024\/09\/11-4-16x12.jpg 16w\" sizes=\"(max-width: 1024px) 100vw, 1024px\" \/>\t\t\t\t\t\t\t\t\t\t\t\t\t<\/div>\n\t\t\t\t<\/div>\n\t\t\t\t<div class=\"elementor-element elementor-element-0058db3 elementor-invisible elementor-widget elementor-widget-image\" data-id=\"0058db3\" data-element_type=\"widget\" data-settings=\"{&quot;_animation&quot;:&quot;fadeInLeft&quot;}\" data-widget_type=\"image.default\">\n\t\t\t\t<div class=\"elementor-widget-container\">\n\t\t\t\t\t\t\t\t\t\t\t\t\t<img loading=\"lazy\" decoding=\"async\" width=\"1920\" height=\"2560\" src=\"https:\/\/zmarquitectura.com\/wp-content\/uploads\/2024\/09\/14-3-scaled.jpg\" class=\"attachment-full size-full wp-image-3434\" alt=\"\" srcset=\"https:\/\/zmarquitectura.com\/wp-content\/uploads\/2024\/09\/14-3-scaled.jpg 1920w, https:\/\/zmarquitectura.com\/wp-content\/uploads\/2024\/09\/14-3-225x300.jpg 225w, https:\/\/zmarquitectura.com\/wp-content\/uploads\/2024\/09\/14-3-768x1024.jpg 768w, https:\/\/zmarquitectura.com\/wp-content\/uploads\/2024\/09\/14-3-1152x1536.jpg 1152w, https:\/\/zmarquitectura.com\/wp-content\/uploads\/2024\/09\/14-3-1536x2048.jpg 1536w, https:\/\/zmarquitectura.com\/wp-content\/uploads\/2024\/09\/14-3-9x12.jpg 9w\" sizes=\"(max-width: 1920px) 100vw, 1920px\" \/>\t\t\t\t\t\t\t\t\t\t\t\t\t<\/div>\n\t\t\t\t<\/div>\n\t\t\t\t<\/div>\n\t\t\t\t\t<\/div>\n\t\t\t\t<\/div>\n\t\t<div class=\"elementor-element elementor-element-b8a6c1f e-flex e-con-boxed e-con e-parent\" data-id=\"b8a6c1f\" data-element_type=\"container\">\n\t\t\t\t\t<div class=\"e-con-inner\">\n\t\t\t\t<div class=\"elementor-element elementor-element-07c409d elementor-icon-list--layout-traditional elementor-list-item-link-full_width elementor-widget elementor-widget-icon-list\" data-id=\"07c409d\" data-element_type=\"widget\" data-settings=\"{&quot;_animation&quot;:&quot;none&quot;}\" data-widget_type=\"icon-list.default\">\n\t\t\t\t<div class=\"elementor-widget-container\">\n\t\t\t<link rel=\"stylesheet\" href=\"https:\/\/zmarquitectura.com\/wp-content\/plugins\/elementor\/assets\/css\/widget-icon-list.min.css\">\t\t<ul class=\"elementor-icon-list-items\">\n\t\t\t\t\t\t\t<li class=\"elementor-icon-list-item\">\n\t\t\t\t\t\t\t\t\t\t\t<span class=\"elementor-icon-list-icon\">\n\t\t\t\t\t\t\t<svg aria-hidden=\"true\" class=\"e-font-icon-svg e-fas-map-marker-alt\" viewbox=\"0 0 384 512\" xmlns=\"http:\/\/www.w3.org\/2000\/svg\"><path d=\"M172.268 501.67C26.97 291.031 0 269.413 0 192 0 85.961 85.961 0 192 0s192 85.961 192 192c0 77.413-26.97 99.031-172.268 309.67-9.535 13.774-29.93 13.773-39.464 0zM192 272c44.183 0 80-35.817 80-80s-35.817-80-80-80-80 35.817-80 80 35.817 80 80 80z\"><\/path><\/svg>\t\t\t\t\t\t<\/span>\n\t\t\t\t\t\t\t\t\t\t<span class=\"elementor-icon-list-text\">Location: Buenos Aires, Argentina.<\/span>\n\t\t\t\t\t\t\t\t\t<\/li>\n\t\t\t\t\t\t\t\t<li class=\"elementor-icon-list-item\">\n\t\t\t\t\t\t\t\t\t\t\t<span class=\"elementor-icon-list-icon\">\n\t\t\t\t\t\t\t<svg aria-hidden=\"true\" class=\"e-font-icon-svg e-far-calendar-alt\" viewbox=\"0 0 448 512\" xmlns=\"http:\/\/www.w3.org\/2000\/svg\"><path d=\"M148 288h-40c-6.6 0-12-5.4-12-12v-40c0-6.6 5.4-12 12-12h40c6.6 0 12 5.4 12 12v40c0 6.6-5.4 12-12 12zm108-12v-40c0-6.6-5.4-12-12-12h-40c-6.6 0-12 5.4-12 12v40c0 6.6 5.4 12 12 12h40c6.6 0 12-5.4 12-12zm96 0v-40c0-6.6-5.4-12-12-12h-40c-6.6 0-12 5.4-12 12v40c0 6.6 5.4 12 12 12h40c6.6 0 12-5.4 12-12zm-96 96v-40c0-6.6-5.4-12-12-12h-40c-6.6 0-12 5.4-12 12v40c0 6.6 5.4 12 12 12h40c6.6 0 12-5.4 12-12zm-96 0v-40c0-6.6-5.4-12-12-12h-40c-6.6 0-12 5.4-12 12v40c0 6.6 5.4 12 12 12h40c6.6 0 12-5.4 12-12zm192 0v-40c0-6.6-5.4-12-12-12h-40c-6.6 0-12 5.4-12 12v40c0 6.6 5.4 12 12 12h40c6.6 0 12-5.4 12-12zm96-260v352c0 26.5-21.5 48-48 48H48c-26.5 0-48-21.5-48-48V112c0-26.5 21.5-48 48-48h48V12c0-6.6 5.4-12 12-12h40c6.6 0 12 5.4 12 12v52h128V12c0-6.6 5.4-12 12-12h40c6.6 0 12 5.4 12 12v52h48c26.5 0 48 21.5 48 48zm-48 346V160H48v298c0 3.3 2.7 6 6 6h340c3.3 0 6-2.7 6-6z\"><\/path><\/svg>\t\t\t\t\t\t<\/span>\n\t\t\t\t\t\t\t\t\t\t<span class=\"elementor-icon-list-text\">Year: 2023.<\/span>\n\t\t\t\t\t\t\t\t\t<\/li>\n\t\t\t\t\t\t\t\t<li class=\"elementor-icon-list-item\">\n\t\t\t\t\t\t\t\t\t\t\t<span class=\"elementor-icon-list-icon\">\n\t\t\t\t\t\t\t<svg aria-hidden=\"true\" class=\"e-font-icon-svg e-fas-angle-double-right\" viewbox=\"0 0 448 512\" xmlns=\"http:\/\/www.w3.org\/2000\/svg\"><path d=\"M224.3 273l-136 136c-9.4 9.4-24.6 9.4-33.9 0l-22.6-22.6c-9.4-9.4-9.4-24.6 0-33.9l96.4-96.4-96.4-96.4c-9.4-9.4-9.4-24.6 0-33.9L54.3 103c9.4-9.4 24.6-9.4 33.9 0l136 136c9.5 9.4 9.5 24.6.1 34zm192-34l-136-136c-9.4-9.4-24.6-9.4-33.9 0l-22.6 22.6c-9.4 9.4-9.4 24.6 0 33.9l96.4 96.4-96.4 96.4c-9.4 9.4-9.4 24.6 0 33.9l22.6 22.6c9.4 9.4 24.6 9.4 33.9 0l136-136c9.4-9.2 9.4-24.4 0-33.8z\"><\/path><\/svg>\t\t\t\t\t\t<\/span>\n\t\t\t\t\t\t\t\t\t\t<span class=\"elementor-icon-list-text\">Project and Construction Management: <span style=\"color: #ff6600;\">ZM Arquitectura.<\/span><\/span>\n\t\t\t\t\t\t\t\t\t<\/li>\n\t\t\t\t\t\t<\/ul>\n\t\t\t\t<\/div>\n\t\t\t\t<\/div>\n\t\t\t\t\t<\/div>\n\t\t\t\t<\/div>\n\t\t<div class=\"elementor-element elementor-element-8b49361 e-con-full e-flex e-con e-parent\" data-id=\"8b49361\" data-element_type=\"container\" data-settings=\"{&quot;background_background&quot;:&quot;classic&quot;}\">\n\t\t\t\t<div class=\"elementor-element elementor-element-76df4b0 elementor-widget elementor-widget-spacer\" data-id=\"76df4b0\" data-element_type=\"widget\" data-widget_type=\"spacer.default\">\n\t\t\t\t<div class=\"elementor-widget-container\">\n\t\t\t<style>\/*! elementor - v3.23.0 - 05-08-2024 *\/\n.elementor-column .elementor-spacer-inner{height:var(--spacer-size)}.e-con{--container-widget-width:100%}.e-con-inner>.elementor-widget-spacer,.e-con>.elementor-widget-spacer{width:var(--container-widget-width,var(--spacer-size));--align-self:var(--container-widget-align-self,initial);--flex-shrink:0}.e-con-inner>.elementor-widget-spacer>.elementor-widget-container,.e-con>.elementor-widget-spacer>.elementor-widget-container{height:100%;width:100%}.e-con-inner>.elementor-widget-spacer>.elementor-widget-container>.elementor-spacer,.e-con>.elementor-widget-spacer>.elementor-widget-container>.elementor-spacer{height:100%}.e-con-inner>.elementor-widget-spacer>.elementor-widget-container>.elementor-spacer>.elementor-spacer-inner,.e-con>.elementor-widget-spacer>.elementor-widget-container>.elementor-spacer>.elementor-spacer-inner{height:var(--container-widget-height,var(--spacer-size))}.e-con-inner>.elementor-widget-spacer.elementor-widget-empty,.e-con>.elementor-widget-spacer.elementor-widget-empty{position:relative;min-height:22px;min-width:22px}.e-con-inner>.elementor-widget-spacer.elementor-widget-empty .elementor-widget-empty-icon,.e-con>.elementor-widget-spacer.elementor-widget-empty .elementor-widget-empty-icon{position:absolute;top:0;bottom:0;left:0;right:0;margin:auto;padding:0;width:22px;height:22px}<\/style>\t\t<div class=\"elementor-spacer\">\n\t\t\t<div class=\"elementor-spacer-inner\"><\/div>\n\t\t<\/div>\n\t\t\t\t<\/div>\n\t\t\t\t<\/div>\n\t\t\t\t<\/div>\n\t\t\t\t<\/div>","protected":false},"excerpt":{"rendered":"<p>Casa Rinc\u00f3n de la Costa Ubicaci\u00f3n: Buenos Aires, Argentina. A\u00f1o: 2023. Proyecto y Direcci\u00f3n de obra: ZM Arquitectura.<\/p>","protected":false},"author":1,"featured_media":0,"parent":0,"menu_order":0,"comment_status":"closed","ping_status":"closed","template":"","meta":{"_monsterinsights_skip_tracking":false,"_monsterinsights_sitenote_active":false,"_monsterinsights_sitenote_note":"","_monsterinsights_sitenote_category":0,"site-sidebar-layout":"no-sidebar","site-content-layout":"page-builder","ast-site-content-layout":"full-width-container","site-content-style":"default","site-sidebar-style":"default","ast-global-header-display":"","ast-banner-title-visibility":"","ast-main-header-display":"","ast-hfb-above-header-display":"","ast-hfb-below-header-display":"","ast-hfb-mobile-header-display":"","site-post-title":"disabled","ast-breadcrumbs-content":"","ast-featured-img":"disabled","footer-sml-layout":"","theme-transparent-header-meta":"","adv-header-id-meta":"","stick-header-meta":"","header-above-stick-meta":"","header-main-stick-meta":"","header-below-stick-meta":"","astra-migrate-meta-layouts":"set","ast-page-background-enabled":"default","ast-page-background-meta":{"desktop":{"background-color":"","background-image":"","background-repeat":"repeat","background-position":"center center","background-size":"auto","background-attachment":"scroll","background-type":"","background-media":"","overlay-type":"","overlay-color":"","overlay-opacity":"","overlay-gradient":""},"tablet":{"background-color":"","background-image":"","background-repeat":"repeat","background-position":"center center","background-size":"auto","background-attachment":"scroll","background-type":"","background-media":"","overlay-type":"","overlay-color":"","overlay-opacity":"","overlay-gradient":""},"mobile":{"background-color":"","background-image":"","background-repeat":"repeat","background-position":"center center","background-size":"auto","background-attachment":"scroll","background-type":"","background-media":"","overlay-type":"","overlay-color":"","overlay-opacity":"","overlay-gradient":""}},"ast-content-background-meta":{"desktop":{"background-color":"var(--ast-global-color-5)","background-image":"","background-repeat":"repeat","background-position":"center center","background-size":"auto","background-attachment":"scroll","background-type":"","background-media":"","overlay-type":"","overlay-color":"","overlay-opacity":"","overlay-gradient":""},"tablet":{"background-color":"var(--ast-global-color-5)","background-image":"","background-repeat":"repeat","background-position":"center center","background-size":"auto","background-attachment":"scroll","background-type":"","background-media":"","overlay-type":"","overlay-color":"","overlay-opacity":"","overlay-gradient":""},"mobile":{"background-color":"var(--ast-global-color-5)","background-image":"","background-repeat":"repeat","background-position":"center center","background-size":"auto","background-attachment":"scroll","background-type":"","background-media":"","overlay-type":"","overlay-color":"","overlay-opacity":"","overlay-gradient":""}},"footnotes":""},"class_list":["post-2664","page","type-page","status-publish","hentry"],"aioseo_notices":[],"_links":{"self":[{"href":"https:\/\/zmarquitectura.com\/en\/wp-json\/wp\/v2\/pages\/2664"}],"collection":[{"href":"https:\/\/zmarquitectura.com\/en\/wp-json\/wp\/v2\/pages"}],"about":[{"href":"https:\/\/zmarquitectura.com\/en\/wp-json\/wp\/v2\/types\/page"}],"author":[{"embeddable":true,"href":"https:\/\/zmarquitectura.com\/en\/wp-json\/wp\/v2\/users\/1"}],"replies":[{"embeddable":true,"href":"https:\/\/zmarquitectura.com\/en\/wp-json\/wp\/v2\/comments?post=2664"}],"version-history":[{"count":28,"href":"https:\/\/zmarquitectura.com\/en\/wp-json\/wp\/v2\/pages\/2664\/revisions"}],"predecessor-version":[{"id":3450,"href":"https:\/\/zmarquitectura.com\/en\/wp-json\/wp\/v2\/pages\/2664\/revisions\/3450"}],"wp:attachment":[{"href":"https:\/\/zmarquitectura.com\/en\/wp-json\/wp\/v2\/media?parent=2664"}],"curies":[{"name":"wp","href":"https:\/\/api.w.org\/{rel}","templated":true}]}}